{"id":6201,"date":"2023-05-16T12:09:12","date_gmt":"2023-05-16T10:09:12","guid":{"rendered":"https:\/\/luxuryvillafavignana.com\/?page_id=6201"},"modified":"2023-05-16T12:09:13","modified_gmt":"2023-05-16T10:09:13","slug":"privacy","status":"publish","type":"page","link":"https:\/\/luxuryvillafavignana.com\/en\/privacy\/","title":{"rendered":"Privacy"},"content":{"rendered":"<h4 class=\"wp-block-heading\"><strong>Soggetti del trattamento<\/strong><\/h4>\n\n\n\n<p><strong>&nbsp;Titolare<\/strong>&nbsp;del trattamento ai sensi delle leggi vigenti \u00e8 l&#8217;amministratore del sito, Bruno SAETTA, contattabile tramite la sezione&nbsp;<strong>CONTATTI&nbsp;<\/strong>(link in fondo alla pagina).<\/p>\n\n\n\n<h4 class=\"wp-block-heading\">&nbsp;<\/h4>\n\n\n\n<h4 class=\"wp-block-heading\">&nbsp;<\/h4>\n\n\n\n<h4 class=\"wp-block-heading\"><strong>Base giuridica del trattamento<\/strong><\/h4>\n\n\n\n<p><img decoding=\"async\" alt=\"base giuridica\" width=\"56\" height=\"40\" src=\"https:\/\/protezionedatipersonali.it\/images\/base-giuridica.png\">&nbsp;Trattiamo i dati prevalentemente in base al&nbsp;<strong>consenso<\/strong>&nbsp;degli utenti. Il conferimento del consenso avviene tramite il banner posto in fondo alla pagina, oppure tramite i moduli di comunicazione o richiesta servizi appositamente predisposti, coi quali vengono raccolti i consensi relativi alla finalit\u00e0 specifica del servizio.&nbsp;Il conferimento dei dati e quindi il consenso alla raccolta e al trattamento dei dati \u00e8 facoltativo,&nbsp;<strong>l&#8217;Utente pu\u00f2 negare il consenso, e pu\u00f2 revocare in qualsiasi momento un consenso gi\u00e0 fornito<\/strong>&nbsp;(tramite il banner posto a fondo pagina o le impostazioni del browser per i cookie, o il link Contatti). Tuttavia negare il consenso pu\u00f2 comportare l&#8217;impossibilit\u00e0 di erogare alcuni servizi e l&#8217;esperienza di navigazione nel sito potrebbe essere ridotta.&nbsp;<\/p>\n\n\n\n<p>I&nbsp;dati per la sicurezza del sito e per la prevenzione da abusi e SPAM, nonch\u00e9 i dati per l\u2019analisi del traffico del sito (statistica) in forma aggregata, sono trattati in base al&nbsp;<strong>legittimo interesse<\/strong>&nbsp;del Titolare del trattamento alla tutela del sito e degli utenti stessi. In tali casi l&#8217;utente ha sempre il diritto di opporsi al trattamento dei dati (vedi par.&nbsp;<strong>Diritti dell&#8217;utente<\/strong>).&nbsp;<\/p>\n\n\n\n<p>I dati forniti per consulenze o incarichi professionali sono trattati in base all&#8217;<strong>adempimento di un contratto e l&#8217;adempimento di un obbligo legale<\/strong>. In tali casi viene fornita apposita informativa.&nbsp;<\/p>\n\n\n\n<h4 class=\"wp-block-heading\"><strong>Finalit\u00e0 del trattamento<\/strong><\/h4>\n\n\n\n<p><img decoding=\"async\" alt=\"finalit\u00e0\" width=\"60\" height=\"60\" src=\"https:\/\/protezionedatipersonali.it\/images\/finalit%C3%A0.png\">&nbsp;Il trattamento dei dati raccolti dal sito, oltre alle finalit\u00e0 connesse, strumentali e necessarie alla fornitura del servizio, \u00e8 volto alle seguenti finalit\u00e0:<\/p>\n\n\n\n<p>\u2013&nbsp;<strong>Statistica (analisi)<\/strong><br>Raccolta di dati e informazioni in forma esclusivamente aggregata e anonima al fine di verificare il corretto funzionamento del sito. Nessuna di queste informazioni \u00e8 correlata alla persona fisica-Utente del sito, e non ne consentono in alcun modo l&#8217;identificazione. Non occorre il consenso.&nbsp;<\/p>\n\n\n\n<p>\u2013&nbsp;<strong>Sicurezza<\/strong><br>Raccolta di dati e informazioni al fine di tutelare la sicurezza del sito (filtri antispam, firewall, rilevazione virus) e degli Utenti e per prevenire o smascherare frodi o abusi a danno del sito web. I dati sono registrati automaticamente e possono eventualmente comprendere anche dati personali (indirizzo Ip) che potrebbero essere utilizzati, conformemente alle leggi vigenti in materia, al fine di bloccare tentativi di danneggiamento al sito medesimo o di recare danno ad altri utenti, o comunque attivit\u00e0 dannose o costituenti reato. Tali dati non sono mai utilizzati per l&#8217;identificazione o la profilazione dell&#8217;Utente e vengono cancellati periodicamente. Non occorre il consenso.&nbsp;<\/p>\n\n\n\n<p>&#8211;&nbsp;<strong>Attivit\u00e0 accessorie<\/strong><br>Comunicare i dati a terze parti che svolgono funzioni necessarie o strumentali all&#8217;operativit\u00e0 del servizio, e per consentire a terze parti di svolgere attivit\u00e0 tecniche, logistiche e di altro tipo per nostro conto. I fornitori hanno accesso solo ai dati personali che sono necessari per svolgere i propri compiti, e si impegnano a non utilizzare i dati per altri scopi, e sono tenuti a trattare i dati personali in conformit\u00e0 delle normative vigenti.&nbsp;<\/p>\n\n\n\n<p><strong>&#8211; Consulenze e incarichi professionali<\/strong><br>In caso di invio spontaneo di dati al fine di chiedere una consulenza professionale oppure per un&#8217;incarico professionale, i dati saranno utilizzati al solo fine della valutazione dell&#8217;incarico e per l&#8217;eventuale adempimento dello stesso. In tali casi sar\u00e0 fornita apposita informativa.&nbsp;<\/p>\n\n\n\n<h4 class=\"wp-block-heading\"><strong>&nbsp;Dati raccolti<\/strong><\/h4>\n\n\n\n<p><img decoding=\"async\" alt=\"data\" width=\"59\" height=\"59\" src=\"https:\/\/protezionedatipersonali.it\/images\/data.png\">&nbsp;Raccogliamo dati degli utenti in due modi.<\/p>\n\n\n\n<p>&#8211;&nbsp;<strong>Dati raccolti in maniera automatizzata<\/strong><br>Durante la navigazione degli Utenti possono essere raccolte le seguenti informazioni che vengono conservate nei file di log del server (hosting) del sito:<br>&#8211; indirizzo internet protocol (IP);<br>&#8211; tipo di browser;<br>&#8211; parametri del dispositivo usato per connettersi al sito;<br>&#8211; nome dell&#8217;internet service provider (ISP);<br>&#8211; data e orario di visita;<br>&#8211; pagina web di provenienza del visitatore (<em>referral<\/em>) e di uscita;<br>&#8211; eventualmente il numero di click.<\/p>\n\n\n\n<p>Questi dati sono utilizzati a fini di statistica e analisi, in forma esclusivamente aggregata. L\u2019indirizzo IP \u00e8 utilizzato esclusivamente a fini di sicurezza e non \u00e8 incrociato con nessun altro dato.&nbsp;<\/p>\n\n\n\n<p>&#8211;&nbsp;<strong>Dati conferiti volontariamente<\/strong><\/p>\n\n\n\n<p>Il sito pu\u00f2 raccogliere altri dati in caso di utilizzo volontario di servizi da parte degli utenti, quali servizi di commenti, di comunicazione (moduli per contatti, per richiesta consulenze), e verranno utilizzati esclusivamente per l&#8217;erogazione del servizio richiesto:&nbsp;<br>&#8211; nome;&nbsp;<br>&#8211; indirizzo email;&nbsp;<br>&#8211; eventuali dati ulteriori inviati spontaneamente dall&#8217;utente.&nbsp;<\/p>\n\n\n\n<h4 class=\"wp-block-heading\"><strong>Luogo del trattamento<\/strong><\/h4>\n\n\n\n<p>I dati sono trattati presso la sede del Titolare del Trattamento, e presso il datacenter del web Hosting. Il web hosting (VHosting Solution), \u00e8&nbsp;<strong>responsabile<\/strong>&nbsp;del trattamento elaborando i dati per conto del titolare, si trova nello Spazio Economico Europeo e agisce in conformit\u00e0 delle norme europee (<a href=\"https:\/\/www.vhosting-it.com\/privacy-cookie-policy\" target=\"_blank\" rel=\"noreferrer noopener\">policy privacy di VHosting<\/a>).&nbsp;<\/p>\n\n\n\n<h4 class=\"wp-block-heading\"><strong>Periodo di conservazione dei dati<\/strong><\/h4>\n\n\n\n<p><img loading=\"lazy\" decoding=\"async\" alt=\"time\" width=\"44\" height=\"44\" src=\"https:\/\/protezionedatipersonali.it\/images\/periodo-conservazione.png\">&nbsp;I dati raccolti durante il funzionamento del sito sono conservati per il tempo strettamente necessari a svolgere le attivit\u00e0 precisate. Alla scadenza i dati saranno cancellati o anonimizzati, a meno che non sussistano ulteriori finalit\u00e0 per la conservazione degli stessi.<\/p>\n\n\n\n<p>I dati (indirizzo IP) utilizzati a fini di sicurezza del sito (blocco tentativi di danneggiare il sito) sono conservati per 30 giorni.&nbsp;<br>I dati per finalit\u00e0 di analytics (statistica) sono conservati solo in forma aggregata.&nbsp;<br>I dati raccolti per le richieste di consulenze o per incarichi professionali sono conservati per i tempi necessari per lo svolgimento dell&#8217;incarico e per le finalit\u00e0 accessorie (tutela giudiziaria, ecc&#8230;).&nbsp;<\/p>\n\n\n\n<h4 class=\"wp-block-heading\"><strong>Trasferimento dei dati a terze parti<\/strong><\/h4>\n\n\n\n<p>I dati rilevati dal sito generalmente non vengono forniti a terzi, tranne che in casi specifici:<br>&#8211; legittima richiesta da parte dell\u2019autorit\u00e0 giudiziaria e nei soli casi previsti dalla legge;<br>&#8211; qualora sia necessario per la fornitura di uno specifico servizio richiesto dell&#8217;Utente;<br>&#8211; per l&#8217;esecuzione di controlli di sicurezza o di ottimizzazione del sito.&nbsp;<\/p>\n\n\n\n<h6 class=\"wp-block-heading\"><strong>Trasferimento dei dati in paesi extra Unione Europea<\/strong><\/h6>\n\n\n\n<p><img loading=\"lazy\" decoding=\"async\" alt=\"trasferimento extra ue\" width=\"98\" height=\"50\" src=\"https:\/\/protezionedatipersonali.it\/images\/trasferimento_extra_ue.png\">&nbsp;Potremmo dover condividere alcuni dei dati raccolti con servizi localizzati al di fuori dell&#8217;area dell&#8217;Unione Europea. In particolare con Google, Facebook e Microsoft (LinkedIn) tramite i social plugin e il servizio di Google Analytics. Il trasferimento \u00e8 autorizzato in base a specifiche&nbsp;<a href=\"https:\/\/www.garanteprivacy.it\/home\/provvedimenti-normativa\/normativa\/normativa-comunitaria-e-internazionale\/trasferimento-dati-estero\" target=\"_blank\" rel=\"noreferrer noopener\">decisioni<\/a>&nbsp;della Commissione europea, oppure in base alle Clausole Contrattuali Standard dei singoli servizi (si vedano i par. relativi ai servizi terzi).&nbsp;<\/p>\n\n\n\n<h4 class=\"wp-block-heading\"><strong>Misure di sicurezza<\/strong><\/h4>\n\n\n\n<p><img loading=\"lazy\" decoding=\"async\" alt=\"security\" width=\"58\" height=\"58\" src=\"https:\/\/protezionedatipersonali.it\/images\/security.png\">Trattiamo i dati dei visitatori\/utenti in maniera lecita e corretta, adottando le opportune misure di sicurezza volte ad impedire accessi non autorizzati, divulgazione, modifica o distruzione non autorizzata dei dati. Ci impegniamo a tutelare la sicurezza dei tuoi dati personali durante il loro invio, utilizzando il software Secure Sockets Layer (SSL), che cripta le informazioni in transito. Il trattamento viene effettuato mediante strumenti informatici e\/o telematici, con modalit\u00e0 organizzative e con logiche strettamente correlate alle finalit\u00e0 indicate. Oltre al Titolare, in alcuni casi, potrebbero avere accesso ai dati categorie di incaricati coinvolti nell\u2019organizzazione del sito ovvero soggetti esterni (come fornitori di servizi tecnici terzi, hosting provider).&nbsp;<\/p>","protected":false},"excerpt":{"rendered":"<p>Soggetti del trattamento &nbsp;Titolare&nbsp;del trattamento ai sensi delle leggi vigenti \u00e8 l&#8217;amministratore del sito, Bruno SAETTA, contattabile tramite la sezione&nbsp;CONTATTI&nbsp;(link in fondo alla pagina). &nbsp; &nbsp; Base giuridica del trattamento &nbsp;Trattiamo i dati prevalentemente in base al&nbsp;consenso&nbsp;degli utenti. Il conferimento del consenso avviene tramite il banner posto in fondo alla pagina, oppure tramite i moduli [&hellip;]<\/p>","protected":false},"author":7,"featured_media":0,"parent":0,"menu_order":0,"comment_status":"closed","ping_status":"closed","template":"","meta":{"footnotes":""},"class_list":["post-6201","page","type-page","status-publish","hentry","post-no-thumbnail"],"yoast_head":"<!-- This site is optimized with the Yoast SEO plugin v23.9 - https:\/\/yoast.com\/wordpress\/plugins\/seo\/ -->\n<title>Privacy - Villa Le Pigne<\/title>\n<meta name=\"robots\" content=\"index, follow, max-snippet:-1, max-image-preview:large, max-video-preview:-1\" \/>\n<link rel=\"canonical\" href=\"https:\/\/luxuryvillafavignana.com\/en\/privacy\/\" \/>\n<meta property=\"og:locale\" content=\"en_GB\" \/>\n<meta property=\"og:type\" content=\"article\" \/>\n<meta property=\"og:title\" content=\"Privacy - Villa Le Pigne\" \/>\n<meta property=\"og:description\" content=\"Soggetti del trattamento &nbsp;Titolare&nbsp;del trattamento ai sensi delle leggi vigenti \u00e8 l&#8217;amministratore del sito, Bruno SAETTA, contattabile tramite la sezione&nbsp;CONTATTI&nbsp;(link in fondo alla pagina). &nbsp; &nbsp; Base giuridica del trattamento &nbsp;Trattiamo i dati prevalentemente in base al&nbsp;consenso&nbsp;degli utenti. Il conferimento del consenso avviene tramite il banner posto in fondo alla pagina, oppure tramite i moduli [&hellip;]\" \/>\n<meta property=\"og:url\" content=\"https:\/\/luxuryvillafavignana.com\/en\/privacy\/\" \/>\n<meta property=\"og:site_name\" content=\"Villa Le Pigne\" \/>\n<meta property=\"article:publisher\" content=\"https:\/\/www.facebook.com\/villalepigne\" \/>\n<meta property=\"article:modified_time\" content=\"2023-05-16T10:09:13+00:00\" \/>\n<meta property=\"og:image\" content=\"https:\/\/protezionedatipersonali.it\/images\/base-giuridica.png\" \/>\n<meta name=\"twitter:card\" content=\"summary_large_image\" \/>\n<meta name=\"twitter:label1\" content=\"Estimated reading time\" \/>\n\t<meta name=\"twitter:data1\" content=\"8 minutes\" \/>\n<script type=\"application\/ld+json\" class=\"yoast-schema-graph\">{\"@context\":\"https:\/\/schema.org\",\"@graph\":[{\"@type\":\"WebPage\",\"@id\":\"https:\/\/luxuryvillafavignana.com\/privacy\/\",\"url\":\"https:\/\/luxuryvillafavignana.com\/privacy\/\",\"name\":\"Privacy - Villa Le Pigne\",\"isPartOf\":{\"@id\":\"https:\/\/luxuryvillafavignana.com\/#website\"},\"primaryImageOfPage\":{\"@id\":\"https:\/\/luxuryvillafavignana.com\/privacy\/#primaryimage\"},\"image\":{\"@id\":\"https:\/\/luxuryvillafavignana.com\/privacy\/#primaryimage\"},\"thumbnailUrl\":\"https:\/\/protezionedatipersonali.it\/images\/base-giuridica.png\",\"datePublished\":\"2023-05-16T10:09:12+00:00\",\"dateModified\":\"2023-05-16T10:09:13+00:00\",\"breadcrumb\":{\"@id\":\"https:\/\/luxuryvillafavignana.com\/privacy\/#breadcrumb\"},\"inLanguage\":\"en-GB\",\"potentialAction\":[{\"@type\":\"ReadAction\",\"target\":[\"https:\/\/luxuryvillafavignana.com\/privacy\/\"]}]},{\"@type\":\"ImageObject\",\"inLanguage\":\"en-GB\",\"@id\":\"https:\/\/luxuryvillafavignana.com\/privacy\/#primaryimage\",\"url\":\"https:\/\/protezionedatipersonali.it\/images\/base-giuridica.png\",\"contentUrl\":\"https:\/\/protezionedatipersonali.it\/images\/base-giuridica.png\"},{\"@type\":\"BreadcrumbList\",\"@id\":\"https:\/\/luxuryvillafavignana.com\/privacy\/#breadcrumb\",\"itemListElement\":[{\"@type\":\"ListItem\",\"position\":1,\"name\":\"Home\",\"item\":\"https:\/\/luxuryvillafavignana.com\/\"},{\"@type\":\"ListItem\",\"position\":2,\"name\":\"Privacy\"}]},{\"@type\":\"WebSite\",\"@id\":\"https:\/\/luxuryvillafavignana.com\/#website\",\"url\":\"https:\/\/luxuryvillafavignana.com\/\",\"name\":\"Luxury Villa Favignana\",\"description\":\"Hotel Booking WordPress Theme\",\"publisher\":{\"@id\":\"https:\/\/luxuryvillafavignana.com\/#organization\"},\"potentialAction\":[{\"@type\":\"SearchAction\",\"target\":{\"@type\":\"EntryPoint\",\"urlTemplate\":\"https:\/\/luxuryvillafavignana.com\/?s={search_term_string}\"},\"query-input\":{\"@type\":\"PropertyValueSpecification\",\"valueRequired\":true,\"valueName\":\"search_term_string\"}}],\"inLanguage\":\"en-GB\"},{\"@type\":\"Organization\",\"@id\":\"https:\/\/luxuryvillafavignana.com\/#organization\",\"name\":\"Luxury Villa Favignana\",\"url\":\"https:\/\/luxuryvillafavignana.com\/\",\"logo\":{\"@type\":\"ImageObject\",\"inLanguage\":\"en-GB\",\"@id\":\"https:\/\/luxuryvillafavignana.com\/#\/schema\/logo\/image\/\",\"url\":\"https:\/\/luxuryvillafavignana.com\/wp-content\/uploads\/2023\/05\/logo-villa-pigne-blu.png\",\"contentUrl\":\"https:\/\/luxuryvillafavignana.com\/wp-content\/uploads\/2023\/05\/logo-villa-pigne-blu.png\",\"width\":2144,\"height\":753,\"caption\":\"Luxury Villa Favignana\"},\"image\":{\"@id\":\"https:\/\/luxuryvillafavignana.com\/#\/schema\/logo\/image\/\"},\"sameAs\":[\"https:\/\/www.facebook.com\/villalepigne\"]}]}<\/script>\n<!-- \/ Yoast SEO plugin. -->","yoast_head_json":{"title":"Privacy - Villa Le Pigne","robots":{"index":"index","follow":"follow","max-snippet":"max-snippet:-1","max-image-preview":"max-image-preview:large","max-video-preview":"max-video-preview:-1"},"canonical":"https:\/\/luxuryvillafavignana.com\/en\/privacy\/","og_locale":"en_GB","og_type":"article","og_title":"Privacy - Villa Le Pigne","og_description":"Soggetti del trattamento &nbsp;Titolare&nbsp;del trattamento ai sensi delle leggi vigenti \u00e8 l&#8217;amministratore del sito, Bruno SAETTA, contattabile tramite la sezione&nbsp;CONTATTI&nbsp;(link in fondo alla pagina). &nbsp; &nbsp; Base giuridica del trattamento &nbsp;Trattiamo i dati prevalentemente in base al&nbsp;consenso&nbsp;degli utenti. Il conferimento del consenso avviene tramite il banner posto in fondo alla pagina, oppure tramite i moduli [&hellip;]","og_url":"https:\/\/luxuryvillafavignana.com\/en\/privacy\/","og_site_name":"Villa Le Pigne","article_publisher":"https:\/\/www.facebook.com\/villalepigne","article_modified_time":"2023-05-16T10:09:13+00:00","og_image":[{"url":"https:\/\/protezionedatipersonali.it\/images\/base-giuridica.png"}],"twitter_card":"summary_large_image","twitter_misc":{"Estimated reading time":"8 minutes"},"schema":{"@context":"https:\/\/schema.org","@graph":[{"@type":"WebPage","@id":"https:\/\/luxuryvillafavignana.com\/privacy\/","url":"https:\/\/luxuryvillafavignana.com\/privacy\/","name":"Privacy - Villa Le Pigne","isPartOf":{"@id":"https:\/\/luxuryvillafavignana.com\/#website"},"primaryImageOfPage":{"@id":"https:\/\/luxuryvillafavignana.com\/privacy\/#primaryimage"},"image":{"@id":"https:\/\/luxuryvillafavignana.com\/privacy\/#primaryimage"},"thumbnailUrl":"https:\/\/protezionedatipersonali.it\/images\/base-giuridica.png","datePublished":"2023-05-16T10:09:12+00:00","dateModified":"2023-05-16T10:09:13+00:00","breadcrumb":{"@id":"https:\/\/luxuryvillafavignana.com\/privacy\/#breadcrumb"},"inLanguage":"en-GB","potentialAction":[{"@type":"ReadAction","target":["https:\/\/luxuryvillafavignana.com\/privacy\/"]}]},{"@type":"ImageObject","inLanguage":"en-GB","@id":"https:\/\/luxuryvillafavignana.com\/privacy\/#primaryimage","url":"https:\/\/protezionedatipersonali.it\/images\/base-giuridica.png","contentUrl":"https:\/\/protezionedatipersonali.it\/images\/base-giuridica.png"},{"@type":"BreadcrumbList","@id":"https:\/\/luxuryvillafavignana.com\/privacy\/#breadcrumb","itemListElement":[{"@type":"ListItem","position":1,"name":"Home","item":"https:\/\/luxuryvillafavignana.com\/"},{"@type":"ListItem","position":2,"name":"Privacy"}]},{"@type":"WebSite","@id":"https:\/\/luxuryvillafavignana.com\/#website","url":"https:\/\/luxuryvillafavignana.com\/","name":"Luxury Villa Favignana","description":"Hotel Booking WordPress Theme","publisher":{"@id":"https:\/\/luxuryvillafavignana.com\/#organization"},"potentialAction":[{"@type":"SearchAction","target":{"@type":"EntryPoint","urlTemplate":"https:\/\/luxuryvillafavignana.com\/?s={search_term_string}"},"query-input":{"@type":"PropertyValueSpecification","valueRequired":true,"valueName":"search_term_string"}}],"inLanguage":"en-GB"},{"@type":"Organization","@id":"https:\/\/luxuryvillafavignana.com\/#organization","name":"Luxury Villa Favignana","url":"https:\/\/luxuryvillafavignana.com\/","logo":{"@type":"ImageObject","inLanguage":"en-GB","@id":"https:\/\/luxuryvillafavignana.com\/#\/schema\/logo\/image\/","url":"https:\/\/luxuryvillafavignana.com\/wp-content\/uploads\/2023\/05\/logo-villa-pigne-blu.png","contentUrl":"https:\/\/luxuryvillafavignana.com\/wp-content\/uploads\/2023\/05\/logo-villa-pigne-blu.png","width":2144,"height":753,"caption":"Luxury Villa Favignana"},"image":{"@id":"https:\/\/luxuryvillafavignana.com\/#\/schema\/logo\/image\/"},"sameAs":["https:\/\/www.facebook.com\/villalepigne"]}]}},"_links":{"self":[{"href":"https:\/\/luxuryvillafavignana.com\/en\/wp-json\/wp\/v2\/pages\/6201"}],"collection":[{"href":"https:\/\/luxuryvillafavignana.com\/en\/wp-json\/wp\/v2\/pages"}],"about":[{"href":"https:\/\/luxuryvillafavignana.com\/en\/wp-json\/wp\/v2\/types\/page"}],"author":[{"embeddable":true,"href":"https:\/\/luxuryvillafavignana.com\/en\/wp-json\/wp\/v2\/users\/7"}],"replies":[{"embeddable":true,"href":"https:\/\/luxuryvillafavignana.com\/en\/wp-json\/wp\/v2\/comments?post=6201"}],"version-history":[{"count":1,"href":"https:\/\/luxuryvillafavignana.com\/en\/wp-json\/wp\/v2\/pages\/6201\/revisions"}],"predecessor-version":[{"id":6202,"href":"https:\/\/luxuryvillafavignana.com\/en\/wp-json\/wp\/v2\/pages\/6201\/revisions\/6202"}],"wp:attachment":[{"href":"https:\/\/luxuryvillafavignana.com\/en\/wp-json\/wp\/v2\/media?parent=6201"}],"curies":[{"name":"wp","href":"https:\/\/api.w.org\/{rel}","templated":true}]}}