{"id":6203,"date":"2023-05-16T12:10:01","date_gmt":"2023-05-16T10:10:01","guid":{"rendered":"https:\/\/luxuryvillafavignana.com\/?page_id=6203"},"modified":"2023-05-16T12:10:02","modified_gmt":"2023-05-16T10:10:02","slug":"cookie-policy","status":"publish","type":"page","link":"https:\/\/luxuryvillafavignana.com\/en\/cookie-policy\/","title":{"rendered":"Cookie policy"},"content":{"rendered":"<p>Facciamo uso di cookie, file di testo che vengono registrati sul terminale dell&#8217;utente oppure che consentono l&#8217;accesso ad informazioni sul terminale dell&#8217;utente. I cookie permettono di conservare informazioni sulle preferenze dei visitatori, sono utilizzati al fine di verificare il corretto funzionamento del sito e di migliorarne le funzionalit\u00e0 personalizzando il contenuto delle pagine in base al tipo del browser utilizzato, oppure per semplificarne la navigazione automatizzando le procedure (es. Login, lingua sito), ed infine per l&#8217;analisi dell&#8217;uso del sito da parte dei visitatori.<\/p>\n\n\n\n<p>Facciamo uso delle seguenti categorie di cookie:&nbsp;<br>&#8211;&nbsp;<strong>cookie tecnici<\/strong>, utilizzati al solo fine di effettuare la trasmissione di una comunicazione elettronica, per garantire la corretta visualizzazione del sito e la navigazione all\u2019interno di esso. Inoltre, consentono di distinguere tra i vari utenti collegati al fine di fornire un servizio richiesto all\u2019utente giusto (Login), e per motivi di sicurezza del sito. Alcuni di questi cookie sono eliminati alla chiusura del browser (cookie di sessione), altri hanno una durata maggiore (come ad esempio il cookie necessario per conservazione il consenso dell\u2019utente in relazione all\u2019uso dei cookie, che dura 1 anno). Per questi cookie non occorre consenso;&nbsp;<br>&#8211;&nbsp;<strong>cookie di analisi<\/strong>, utilizzati direttamente dal gestore del sito per raccogliere informazioni, in forma aggregata, sul numero degli utenti e su come questi visitano il sito stesso. Sono assimilati ai cookie tecnici essendo il servizio basato su dati aggregati.<br>&#8211;&nbsp;<strong>cookie di profilazione e marketing<\/strong>, utilizzati esclusivamente da terze parti diverse dal titolare del presente sito per raccogliere informazioni sul comportamento deli utenti durante la navigazione, e sugli interessi e abitudini di consumo, anche al fine di fornire pubblicit\u00e0 personalizzata. Per quanto possibile questi cookie sono bloccati e vengono attivati solo a seguito di una scelta dell&#8217;utente.&nbsp;<\/p>\n\n\n\n<figure class=\"wp-block-image\"><img decoding=\"async\" src=\"https:\/\/protezionedatipersonali.it\/images\/informazioni_importanti.jpg\" alt=\"informazioni importanti\"\/><\/figure>\n\n\n\n<p>Cliccando&nbsp;<strong>&#8220;Acconsento&#8221; sul banner<\/strong>&nbsp;presente al primo accesso al sito&nbsp;il visitatore acconsente espressamente all&#8217;uso dei cookie e delle tecnologie similari, e in particolare alla registrazione di tali cookie sul suo terminale per le finalit\u00e0 indicate in questo documento, oppure all&#8217;accesso tramite i cookie ad informazioni sul suo terminale.&nbsp;<\/p>\n\n\n\n<h4 class=\"wp-block-heading\"><strong>Disabilitazione dei cookie tramite browser<\/strong><\/h4>\n\n\n\n<p>L&#8217;utente pu\u00f2 rifiutare l&#8217;utilizzo dei cookie e in qualsiasi momento pu\u00f2 revocare un consenso gi\u00e0 fornito. Poich\u00e9 i cookie sono collegati al browser utilizzato,&nbsp;<strong>possono essere disabilitati direttamente dal browser<\/strong>, cos\u00ec rifiutando\/revocando il consenso all&#8217;uso dei cookie, oppure tramite il&nbsp;<strong>banner posto a fondo pagina (Impostazioni cookie)<\/strong>.&nbsp;<\/p>\n\n\n\n<p>La disabilitazione dei cookie potrebbe impedire il corretto utilizzo di alcune funzioni del sito stesso, in particolare i servizi forniti da terze parti potrebbero non essere accessibili, e quindi potrebbero non essere visualizzabili. Ad esempio:<br>&#8211; video di YouTube o altri servizi di condivisione video;<br>&#8211; i social button dei social network.&nbsp;<\/p>\n\n\n\n<p>Le istruzioni per la disabilitazione dei cookies si trovano alle seguenti pagine web:&nbsp;<br><a href=\"https:\/\/support.mozilla.org\/it\/kb\/Attivare%20e%20disattivare%20i%20cookie\" target=\"_blank\" rel=\"noreferrer noopener\">Mozilla Firefox<\/a>&nbsp;&#8211;&nbsp;<a href=\"https:\/\/support.microsoft.com\/it-it\/help\/17442\/windows-internet-explorer-delete-manage-cookies\" target=\"_blank\" rel=\"noreferrer noopener\">Microsoft Internet Explorer<\/a>&nbsp;&#8211;&nbsp;<a href=\"https:\/\/support.microsoft.com\/it-it\/help\/4027947\/windows-delete-cookies\" target=\"_blank\" rel=\"noreferrer noopener\">Microsoft Edge<\/a>&nbsp;&#8211;&nbsp;<a href=\"https:\/\/support.google.com\/chrome\/answer\/95647?hl=it\" target=\"_blank\" rel=\"noreferrer noopener\">Google Chrome<\/a>&nbsp;&#8211;&nbsp;<a href=\"https:\/\/www.opera.com\/it\/privacy\/cookies\" target=\"_blank\" rel=\"noreferrer noopener\">Opera<\/a>&nbsp;&#8211;&nbsp;<a href=\"https:\/\/support.apple.com\/it-it\/HT201265\" target=\"_blank\" rel=\"noreferrer noopener\">Apple Safari<\/a>&nbsp;<\/p>\n\n\n\n<h4 class=\"wp-block-heading\"><strong>Cookie\/servizi di terze parti<\/strong><\/h4>\n\n\n\n<p>Il sito funge anche da intermediario per cookie di terze parti (come i pulsanti per i social network), utilizzati per poter fornire ulteriori servizi e funzionalit\u00e0 ai visitatori e per semplificare l&#8217;uso del sito stesso. Tali servizi sono utilizzati dalle terze parti anche per raccogliere dati sugli interessi degli utenti al fine di fornire loro sui siti partner pubblicit\u00e0 personalizzata. Non su questo sito, che non presenta alcun tipo di pubblicit\u00e0. Questo sito non ha alcun controllo sui loro cookie interamente gestiti dalle terze parti e non ha accesso alle informazioni raccolte tramite detti cookie. Le informazioni sull&#8217;uso dei detti cookie e sulle finalit\u00e0 degli stessi, nonch\u00e9 sulle modalit\u00e0 per l&#8217;eventuale disabilitazione, sono fornite direttamente dalle terze parti alle pagine indicate di seguito.&nbsp;Si rammenta che generalmente il tracciamento degli utenti non comporta identificazione dello stesso, a meno che l&#8217;Utente non sia gi\u00e0 iscritto al servizio e non sia anche gi\u00e0 loggato, nel qual caso si intende che l&#8217;Utente ha gi\u00e0 espresso il suo consenso direttamente alla terza parte al momento dell&#8217;iscrizione al relativo servizio (es. Facebook).&nbsp;<\/p>\n\n\n\n<p>Il sito utilizza cookie\/servizi delle seguenti terze parti.<\/p>\n\n\n\n<p>&#8211;&nbsp;<strong>Google Ireland ltd<\/strong>&nbsp;<br>Per informazioni sull&#8217;uso dei dati e sul loro trattamento da parte di Google Ireland ltd si raccomanda di prendere visione dell\u2019<a href=\"https:\/\/policies.google.com\/privacy?hl=it\" target=\"_blank\" rel=\"noreferrer noopener\">informativa privacy di Google<\/a>, delle&nbsp;<a href=\"https:\/\/policies.google.com\/technologies\/partner-sites?hl=it\" target=\"_blank\" rel=\"noreferrer noopener\">Modalit\u00e0 di utilizzo dei dati da parte di Google quando si utilizzano siti o app dei partner<\/a>&nbsp;e dei&nbsp;<a href=\"https:\/\/privacy.google.com\/businesses\/processorterms\/\" target=\"_blank\" rel=\"noreferrer noopener\">Termini contrattuali per il trattamento dei dati degli Annunci di Google<\/a>.&nbsp;<\/p>\n\n\n\n<p><strong>Youtube<\/strong>: piattaforma, di propriet\u00e0 di Google, per la condivisione di video. I cookie sono impostati all&#8217;accesso della pagine contenente l&#8217;embed, e all&#8217;avvio del video, e non consentono l&#8217;identificazione dell&#8217;Utente a meno che non sia gi\u00e0 loggato nel profilo Google.<br>Per i video presenti sul sito \u00e8 stata attivata l&#8217;opzione&nbsp; &#8220;<a href=\"https:\/\/support.google.com\/youtube\/answer\/171780?expand=PrivacyEnhancedMode#privacy\" target=\"_blank\" rel=\"noreferrer noopener\">privacy avanzata<\/a>&nbsp;(no cookie)&#8221;&nbsp;che fa in modo che YouTube non memorizzi le informazioni sui visitatori a meno che non riproducano volontariamente il video.&nbsp;<br>Dati raccolti: numero e comportamento degli utenti del servizio, indirizzo IP, informazioni che collegano le visite al sito all&#8217;account Google per gli utenti gi\u00e0 loggati, preferenze sulla visualizzazione dei video.&nbsp;<br>Luogo di trattamento dei dati: USA.&nbsp;<br>L&#8217;utente pu\u00f2 fornire il consenso per l&#8217;utilizzo dei cookie di Youtube per ogni singolo video.&nbsp;<br><\/p>\n\n\n\n<p>&#8211;&nbsp;<strong>Matomo Analytics<\/strong>: servizio per analizzare l&#8217;uso del sito web da parte degli utenti. Presenta le seguenti caratteristiche:&nbsp;<br>&#8211; I dati sono conservati nell&#8217;UE;<br>&#8211; I dati sono anonimizzati (compreso gli IP);&nbsp;<br>&#8211; utilizza solo cookie di prima parte;&nbsp;<br>&#8211; i dati sono aggregati e non sono condivisi nemmeno col fornitore del servizio.&nbsp;<br>Non occorre consenso per l&#8217;uso del servizio.<br>Rappresentante nell\u2019UE: ePrivacy Holding GmbH Gro\u00dfe Bleichen 21 20354 Hamburg Germany<br>Informativa privacy:&nbsp;<a href=\"https:\/\/matomo.org\/privacy-policy\/\">https:\/\/matomo.org\/privacy-policy\/<\/a><\/p>\n\n\n\n<h4 class=\"wp-block-heading\"><strong>Plugin Social Network<\/strong><\/h4>\n\n\n\n<p>Il sito incorpora anche plugin e\/o bottoni al fine di consentire una facile condivisione dei contenuti sui vostri social network preferiti. Quando visiti una pagina del nostro sito web che contiene un plugin, il tuo browser si collega direttamente ai server del social network da dove \u00e8 caricato il plugin, il quale server pu\u00f2 tracciare la tua visita al nostro sito web e, se del caso, associarla al tuo account del social, in particolare se sei connesso al momento della visita o se hai recentemente navigato in uno dei siti web contenenti plugin social. Se non desideri che il social network registri i dati relativi alla tua visita sul nostro sito web, devi uscire dal tuo account del social e, probabilmente, eliminare i cookie che il social network ha installato nel tuo browser.<\/p>\n\n\n\n<p>Sul presente sito sono installati&nbsp;<strong>plugin con funzioni di tutela avanzata della privacy degli Utenti<\/strong>, che non inviano cookie o accedono ai cookie presenti sul browser dell\u2019Utente all\u2019apertura della pagina ma solo dopo il click dell&#8217;Utente sul plugin.&nbsp;<\/p>\n\n\n\n<p>La raccolta e l\u2019uso delle informazioni da parte di tali terzi sono regolati dalle rispettive informative privacy alle quali si prega di fare riferimento:&nbsp;<br>&#8211;&nbsp;<a href=\"https:\/\/www.facebook.com\/about\/privacy\/\" target=\"_blank\" rel=\"noreferrer noopener\">Facebook<\/a>&nbsp;(<a href=\"https:\/\/www.facebook.com\/help\/cookies\/\" target=\"_blank\" rel=\"noreferrer noopener\">link informativa cookie<\/a>)<br>&#8211;&nbsp;<a href=\"https:\/\/twitter.com\/privacy?lang=it\" target=\"_blank\" rel=\"noreferrer noopener\">Twitter<\/a>&nbsp; (link&nbsp;<a href=\"https:\/\/help.twitter.com\/it\/rules-and-policies\/twitter-cookies\" target=\"_blank\" rel=\"noreferrer noopener\">informativa cookie<\/a>)<br>&#8211;&nbsp;<a href=\"https:\/\/www.linkedin.com\/legal\/privacy-policy\" target=\"_blank\" rel=\"noreferrer noopener\">LinkedIn<\/a><a href=\"http:\/\/www.linkedin.com\/static?key=privacy_policy&amp;trk=hb_ft_priv\"><\/a>&nbsp;(<a href=\"https:\/\/www.linkedin.com\/legal\/cookie-policy\" target=\"_blank\" rel=\"noreferrer noopener\">link informativa cookie<\/a>)<br>&nbsp;<\/p>\n\n\n\n<h4 class=\"wp-block-heading\"><strong>Diritti dell&#8217;utente (interessato)<\/strong><\/h4>\n\n\n\n<p>&nbsp;<img decoding=\"async\" alt=\"diritti interessati\" width=\"74\" height=\"74\" src=\"https:\/\/protezionedatipersonali.it\/images\/diritti-interessati.png\">Ai sensi del Regolamento europeo 679\/2016 (GDPR)&nbsp;l&#8217;Utente pu\u00f2, secondo le modalit\u00e0 e nei limiti previsti dalla vigente normativa, esercitare i deguenti diritti:<br>&#8211; opporsi in tutto o in parte, per motivi legittimi al trattamento dei dati personali che lo riguardano ai fini di invio di materiale pubblicitario o di vendita diretta o per il compimento di ricerche di mercato o di comunicazione commerciale;<br>&#8211; richiedere la conferma dell&#8217;esistenza di dati personali che lo riguardano (diritto di accesso);<br>&#8211; conoscerne l&#8217;origine;<br>&#8211; riceverne comunicazione intelligibile;<br>&#8211; avere informazioni circa la logica, le modalit\u00e0 e le finalit\u00e0 del trattamento;<br>&#8211; richiederne l&#8217;aggiornamento, la rettifica, l&#8217;integrazione, la cancellazione, la trasformazione in forma anonima, il blocco dei dati trattati in violazione di legge, ivi compresi quelli non pi\u00f9 necessari al perseguimento degli scopi per i quali sono stati raccolti;<br>&#8211; nei casi di trattamento basato su consenso, ricevere al solo costo dell\u2019eventuale supporto, i suoi dati forniti al titolare, in forma strutturata e leggibile da un elaboratore di dati e in un formato comunemente usato da un dispositivo elettronico;<br><img decoding=\"async\" alt=\"reclamo\" width=\"26\" height=\"29\" src=\"https:\/\/protezionedatipersonali.it\/images\/reclamo.png\">&nbsp;&#8211; il diritto di presentare un reclamo all\u2019Autorit\u00e0 di controllo (Garante Privacy \u2013&nbsp;<a href=\"http:\/\/www.garanteprivacy.it\/web\/guest\/home\/docweb\/-\/docweb-display\/docweb\/4535524\" target=\"_blank\" rel=\"noreferrer noopener\">link alla pagina del Garante<\/a>);&nbsp;<br>&#8211; nonch\u00e9, pi\u00f9 in generale, esercitare tutti i diritti che gli sono riconosciuti dalle vigenti disposizioni di legge.<\/p>\n\n\n\n<p>Le richieste vanno rivolte al&nbsp;<strong>Titolare del trattamento<\/strong>.<\/p>","protected":false},"excerpt":{"rendered":"<p>Facciamo uso di cookie, file di testo che vengono registrati sul terminale dell&#8217;utente oppure che consentono l&#8217;accesso ad informazioni sul terminale dell&#8217;utente. I cookie permettono di conservare informazioni sulle preferenze dei visitatori, sono utilizzati al fine di verificare il corretto funzionamento del sito e di migliorarne le funzionalit\u00e0 personalizzando il contenuto delle pagine in base [&hellip;]<\/p>","protected":false},"author":7,"featured_media":0,"parent":0,"menu_order":0,"comment_status":"closed","ping_status":"closed","template":"","meta":{"footnotes":""},"class_list":["post-6203","page","type-page","status-publish","hentry","post-no-thumbnail"],"yoast_head":"<!-- This site is optimized with the Yoast SEO plugin v23.9 - https:\/\/yoast.com\/wordpress\/plugins\/seo\/ -->\n<title>Cookie policy - Villa Le Pigne<\/title>\n<meta name=\"robots\" content=\"index, follow, max-snippet:-1, max-image-preview:large, max-video-preview:-1\" \/>\n<link rel=\"canonical\" href=\"https:\/\/luxuryvillafavignana.com\/en\/cookie-policy\/\" \/>\n<meta property=\"og:locale\" content=\"en_GB\" \/>\n<meta property=\"og:type\" content=\"article\" \/>\n<meta property=\"og:title\" content=\"Cookie policy - Villa Le Pigne\" \/>\n<meta property=\"og:description\" content=\"Facciamo uso di cookie, file di testo che vengono registrati sul terminale dell&#8217;utente oppure che consentono l&#8217;accesso ad informazioni sul terminale dell&#8217;utente. I cookie permettono di conservare informazioni sulle preferenze dei visitatori, sono utilizzati al fine di verificare il corretto funzionamento del sito e di migliorarne le funzionalit\u00e0 personalizzando il contenuto delle pagine in base [&hellip;]\" \/>\n<meta property=\"og:url\" content=\"https:\/\/luxuryvillafavignana.com\/en\/cookie-policy\/\" \/>\n<meta property=\"og:site_name\" content=\"Villa Le Pigne\" \/>\n<meta property=\"article:publisher\" content=\"https:\/\/www.facebook.com\/villalepigne\" \/>\n<meta property=\"article:modified_time\" content=\"2023-05-16T10:10:02+00:00\" \/>\n<meta property=\"og:image\" content=\"https:\/\/protezionedatipersonali.it\/images\/informazioni_importanti.jpg\" \/>\n<meta name=\"twitter:card\" content=\"summary_large_image\" \/>\n<meta name=\"twitter:label1\" content=\"Estimated reading time\" \/>\n\t<meta name=\"twitter:data1\" content=\"8 minutes\" \/>\n<script type=\"application\/ld+json\" class=\"yoast-schema-graph\">{\"@context\":\"https:\/\/schema.org\",\"@graph\":[{\"@type\":\"WebPage\",\"@id\":\"https:\/\/luxuryvillafavignana.com\/cookie-policy\/\",\"url\":\"https:\/\/luxuryvillafavignana.com\/cookie-policy\/\",\"name\":\"Cookie policy - Villa Le Pigne\",\"isPartOf\":{\"@id\":\"https:\/\/luxuryvillafavignana.com\/#website\"},\"primaryImageOfPage\":{\"@id\":\"https:\/\/luxuryvillafavignana.com\/cookie-policy\/#primaryimage\"},\"image\":{\"@id\":\"https:\/\/luxuryvillafavignana.com\/cookie-policy\/#primaryimage\"},\"thumbnailUrl\":\"https:\/\/protezionedatipersonali.it\/images\/informazioni_importanti.jpg\",\"datePublished\":\"2023-05-16T10:10:01+00:00\",\"dateModified\":\"2023-05-16T10:10:02+00:00\",\"breadcrumb\":{\"@id\":\"https:\/\/luxuryvillafavignana.com\/cookie-policy\/#breadcrumb\"},\"inLanguage\":\"en-GB\",\"potentialAction\":[{\"@type\":\"ReadAction\",\"target\":[\"https:\/\/luxuryvillafavignana.com\/cookie-policy\/\"]}]},{\"@type\":\"ImageObject\",\"inLanguage\":\"en-GB\",\"@id\":\"https:\/\/luxuryvillafavignana.com\/cookie-policy\/#primaryimage\",\"url\":\"https:\/\/protezionedatipersonali.it\/images\/informazioni_importanti.jpg\",\"contentUrl\":\"https:\/\/protezionedatipersonali.it\/images\/informazioni_importanti.jpg\"},{\"@type\":\"BreadcrumbList\",\"@id\":\"https:\/\/luxuryvillafavignana.com\/cookie-policy\/#breadcrumb\",\"itemListElement\":[{\"@type\":\"ListItem\",\"position\":1,\"name\":\"Home\",\"item\":\"https:\/\/luxuryvillafavignana.com\/\"},{\"@type\":\"ListItem\",\"position\":2,\"name\":\"Cookie policy\"}]},{\"@type\":\"WebSite\",\"@id\":\"https:\/\/luxuryvillafavignana.com\/#website\",\"url\":\"https:\/\/luxuryvillafavignana.com\/\",\"name\":\"Luxury Villa Favignana\",\"description\":\"Hotel Booking WordPress Theme\",\"publisher\":{\"@id\":\"https:\/\/luxuryvillafavignana.com\/#organization\"},\"potentialAction\":[{\"@type\":\"SearchAction\",\"target\":{\"@type\":\"EntryPoint\",\"urlTemplate\":\"https:\/\/luxuryvillafavignana.com\/?s={search_term_string}\"},\"query-input\":{\"@type\":\"PropertyValueSpecification\",\"valueRequired\":true,\"valueName\":\"search_term_string\"}}],\"inLanguage\":\"en-GB\"},{\"@type\":\"Organization\",\"@id\":\"https:\/\/luxuryvillafavignana.com\/#organization\",\"name\":\"Luxury Villa Favignana\",\"url\":\"https:\/\/luxuryvillafavignana.com\/\",\"logo\":{\"@type\":\"ImageObject\",\"inLanguage\":\"en-GB\",\"@id\":\"https:\/\/luxuryvillafavignana.com\/#\/schema\/logo\/image\/\",\"url\":\"https:\/\/luxuryvillafavignana.com\/wp-content\/uploads\/2023\/05\/logo-villa-pigne-blu.png\",\"contentUrl\":\"https:\/\/luxuryvillafavignana.com\/wp-content\/uploads\/2023\/05\/logo-villa-pigne-blu.png\",\"width\":2144,\"height\":753,\"caption\":\"Luxury Villa Favignana\"},\"image\":{\"@id\":\"https:\/\/luxuryvillafavignana.com\/#\/schema\/logo\/image\/\"},\"sameAs\":[\"https:\/\/www.facebook.com\/villalepigne\"]}]}<\/script>\n<!-- \/ Yoast SEO plugin. -->","yoast_head_json":{"title":"Cookie policy - Villa Le Pigne","robots":{"index":"index","follow":"follow","max-snippet":"max-snippet:-1","max-image-preview":"max-image-preview:large","max-video-preview":"max-video-preview:-1"},"canonical":"https:\/\/luxuryvillafavignana.com\/en\/cookie-policy\/","og_locale":"en_GB","og_type":"article","og_title":"Cookie policy - Villa Le Pigne","og_description":"Facciamo uso di cookie, file di testo che vengono registrati sul terminale dell&#8217;utente oppure che consentono l&#8217;accesso ad informazioni sul terminale dell&#8217;utente. I cookie permettono di conservare informazioni sulle preferenze dei visitatori, sono utilizzati al fine di verificare il corretto funzionamento del sito e di migliorarne le funzionalit\u00e0 personalizzando il contenuto delle pagine in base [&hellip;]","og_url":"https:\/\/luxuryvillafavignana.com\/en\/cookie-policy\/","og_site_name":"Villa Le Pigne","article_publisher":"https:\/\/www.facebook.com\/villalepigne","article_modified_time":"2023-05-16T10:10:02+00:00","og_image":[{"url":"https:\/\/protezionedatipersonali.it\/images\/informazioni_importanti.jpg"}],"twitter_card":"summary_large_image","twitter_misc":{"Estimated reading time":"8 minutes"},"schema":{"@context":"https:\/\/schema.org","@graph":[{"@type":"WebPage","@id":"https:\/\/luxuryvillafavignana.com\/cookie-policy\/","url":"https:\/\/luxuryvillafavignana.com\/cookie-policy\/","name":"Cookie policy - Villa Le Pigne","isPartOf":{"@id":"https:\/\/luxuryvillafavignana.com\/#website"},"primaryImageOfPage":{"@id":"https:\/\/luxuryvillafavignana.com\/cookie-policy\/#primaryimage"},"image":{"@id":"https:\/\/luxuryvillafavignana.com\/cookie-policy\/#primaryimage"},"thumbnailUrl":"https:\/\/protezionedatipersonali.it\/images\/informazioni_importanti.jpg","datePublished":"2023-05-16T10:10:01+00:00","dateModified":"2023-05-16T10:10:02+00:00","breadcrumb":{"@id":"https:\/\/luxuryvillafavignana.com\/cookie-policy\/#breadcrumb"},"inLanguage":"en-GB","potentialAction":[{"@type":"ReadAction","target":["https:\/\/luxuryvillafavignana.com\/cookie-policy\/"]}]},{"@type":"ImageObject","inLanguage":"en-GB","@id":"https:\/\/luxuryvillafavignana.com\/cookie-policy\/#primaryimage","url":"https:\/\/protezionedatipersonali.it\/images\/informazioni_importanti.jpg","contentUrl":"https:\/\/protezionedatipersonali.it\/images\/informazioni_importanti.jpg"},{"@type":"BreadcrumbList","@id":"https:\/\/luxuryvillafavignana.com\/cookie-policy\/#breadcrumb","itemListElement":[{"@type":"ListItem","position":1,"name":"Home","item":"https:\/\/luxuryvillafavignana.com\/"},{"@type":"ListItem","position":2,"name":"Cookie policy"}]},{"@type":"WebSite","@id":"https:\/\/luxuryvillafavignana.com\/#website","url":"https:\/\/luxuryvillafavignana.com\/","name":"Luxury Villa Favignana","description":"Hotel Booking WordPress Theme","publisher":{"@id":"https:\/\/luxuryvillafavignana.com\/#organization"},"potentialAction":[{"@type":"SearchAction","target":{"@type":"EntryPoint","urlTemplate":"https:\/\/luxuryvillafavignana.com\/?s={search_term_string}"},"query-input":{"@type":"PropertyValueSpecification","valueRequired":true,"valueName":"search_term_string"}}],"inLanguage":"en-GB"},{"@type":"Organization","@id":"https:\/\/luxuryvillafavignana.com\/#organization","name":"Luxury Villa Favignana","url":"https:\/\/luxuryvillafavignana.com\/","logo":{"@type":"ImageObject","inLanguage":"en-GB","@id":"https:\/\/luxuryvillafavignana.com\/#\/schema\/logo\/image\/","url":"https:\/\/luxuryvillafavignana.com\/wp-content\/uploads\/2023\/05\/logo-villa-pigne-blu.png","contentUrl":"https:\/\/luxuryvillafavignana.com\/wp-content\/uploads\/2023\/05\/logo-villa-pigne-blu.png","width":2144,"height":753,"caption":"Luxury Villa Favignana"},"image":{"@id":"https:\/\/luxuryvillafavignana.com\/#\/schema\/logo\/image\/"},"sameAs":["https:\/\/www.facebook.com\/villalepigne"]}]}},"_links":{"self":[{"href":"https:\/\/luxuryvillafavignana.com\/en\/wp-json\/wp\/v2\/pages\/6203"}],"collection":[{"href":"https:\/\/luxuryvillafavignana.com\/en\/wp-json\/wp\/v2\/pages"}],"about":[{"href":"https:\/\/luxuryvillafavignana.com\/en\/wp-json\/wp\/v2\/types\/page"}],"author":[{"embeddable":true,"href":"https:\/\/luxuryvillafavignana.com\/en\/wp-json\/wp\/v2\/users\/7"}],"replies":[{"embeddable":true,"href":"https:\/\/luxuryvillafavignana.com\/en\/wp-json\/wp\/v2\/comments?post=6203"}],"version-history":[{"count":1,"href":"https:\/\/luxuryvillafavignana.com\/en\/wp-json\/wp\/v2\/pages\/6203\/revisions"}],"predecessor-version":[{"id":6204,"href":"https:\/\/luxuryvillafavignana.com\/en\/wp-json\/wp\/v2\/pages\/6203\/revisions\/6204"}],"wp:attachment":[{"href":"https:\/\/luxuryvillafavignana.com\/en\/wp-json\/wp\/v2\/media?parent=6203"}],"curies":[{"name":"wp","href":"https:\/\/api.w.org\/{rel}","templated":true}]}}