{"id":5617,"date":"2023-05-03T07:23:51","date_gmt":"2023-05-03T07:23:51","guid":{"rendered":"https:\/\/luxuryvillafavignana.com\/?page_id=5617"},"modified":"2023-06-08T17:32:52","modified_gmt":"2023-06-08T15:32:52","slug":"booking","status":"publish","type":"page","link":"https:\/\/luxuryvillafavignana.com\/fr\/booking\/","title":{"rendered":"R\u00e9servations"},"content":{"rendered":"<div data-elementor-type=\"wp-page\" data-elementor-id=\"5617\" class=\"elementor elementor-5617\" data-elementor-post-type=\"page\">\n\t\t\t\t\t\t\t\t\t<section class=\"elementor-section elementor-top-section elementor-element elementor-element-bda7911 elementor-section-boxed elementor-section-gap-beside-yes elementor-section-height-default elementor-section-height-default elementor-section-column-vertical-align-stretch\" data-id=\"bda7911\" data-element_type=\"section\" data-settings=\"{&quot;background_background&quot;:&quot;classic&quot;}\">\n\t\t\t\t\t\t<div class=\"elementor-container elementor-column-gap-extended\">\n\t\t\t\t\t<div class=\"elementor-column elementor-col-50 elementor-top-column elementor-element elementor-element-cb3f03a\" data-id=\"cb3f03a\" data-element_type=\"column\">\n\t\t\t<div class=\"elementor-widget-wrap elementor-element-populated\">\n\t\t\t\t\t\t\t\t<div class=\"elementor-element elementor-element-0c57383 elementor-widget elementor-widget-text-editor\" data-id=\"0c57383\" data-element_type=\"widget\" data-widget_type=\"text-editor.default\">\n\t\t\t\t<div class=\"elementor-widget-container\">\n\t\t\t<style>\/*! elementor - v3.18.0 - 20-12-2023 *\/\n.elementor-widget-text-editor.elementor-drop-cap-view-stacked .elementor-drop-cap{background-color:#69727d;color:#fff}.elementor-widget-text-editor.elementor-drop-cap-view-framed .elementor-drop-cap{color:#69727d;border:3px solid;background-color:transparent}.elementor-widget-text-editor:not(.elementor-drop-cap-view-default) .elementor-drop-cap{margin-top:8px}.elementor-widget-text-editor:not(.elementor-drop-cap-view-default) .elementor-drop-cap-letter{width:1em;height:1em}.elementor-widget-text-editor .elementor-drop-cap{float:left;text-align:center;line-height:1;font-size:50px}.elementor-widget-text-editor .elementor-drop-cap-letter{display:inline-block}<\/style>\t\t\t\t<p>Parfaite pour les petits groupes qui veulent jouir de la mer fantastique des Egadi sans renoncer au confort de la piscine dans la ville.<\/p><p>Les r\u00e9servations doivent \u00eatre envoy\u00e9es par semaine, de pr\u00e9f\u00e9rence avec des d\u00e9parts et des arriv\u00e9es co\u00efncidant le samedi.\u00a0<\/p><p>Voil\u00e0 les logements :<\/p><ul><li>4 adultes dans deux chambres doubles<\/li><li>2 couchages en lit superpos\u00e9 pour jeunes et enfants<\/li><li>2 salles de bain, dont l\u2019une en suite, chacune avec cabine de douche, une troisi\u00e8me salle de bain ext\u00e9rieure et une douche ext\u00e9rieure<\/li><\/ul>\t\t\t\t\t\t<\/div>\n\t\t\t\t<\/div>\n\t\t\t\t\t<\/div>\n\t\t<\/div>\n\t\t\t\t<div class=\"elementor-column elementor-col-50 elementor-top-column elementor-element elementor-element-2b23d28\" data-id=\"2b23d28\" data-element_type=\"column\">\n\t\t\t<div class=\"elementor-widget-wrap elementor-element-populated\">\n\t\t\t\t\t\t\t\t<div class=\"elementor-element elementor-element-6057465 elementor-widget elementor-widget-shortcode\" data-id=\"6057465\" data-element_type=\"widget\" data-widget_type=\"shortcode.default\">\n\t\t\t\t<div class=\"elementor-widget-container\">\n\t\t\t\t\t<div class=\"elementor-shortcode\"><div class=\"mphb_sc_booking_form-wrapper is-direct-booking\">\t<form method=\"POST\" action=\"https:\/\/luxuryvillafavignana.com\/fr\/confirmation-de-reservation\/\" class=\"mphb-booking-form mphb-booking-form--direct-booking\" id=\"booking-form-5594\" data-trp-original-action=\"https:\/\/luxuryvillafavignana.com\/fr\/confirmation-de-reservation\/\">\n\t\t<p class=\"mphb-required-fields-tip\"><small>Les champs obligatoires sont suivis de <abbr title=\"required\">*<\/abbr><\/small><\/p>\n\t\t<input type=\"hidden\" id=\"mphb-checkout-nonce\" name=\"mphb-checkout-nonce\" value=\"0099148a9c\" \/><input type=\"hidden\" name=\"_wp_http_referer\" value=\"\/fr\/wp-json\/wp\/v2\/pages\/5617\" \/>\t\t\t\t<input type=\"hidden\" name=\"mphb_room_type_id\" value=\"5594\" \/>\n\t\t<p class=\"mphb-check-in-date-wrapper\">\n\t\t\t<label for=\"mphb_check_in_date-69e44cff712c9\">\n\t\t\t\tDate d&#039;arriv\u00e9e\t\t\t\t<abbr title=\"Format\u00e9 comme dd\/mm\/yyyy\">*<\/abbr>\n\t\t\t<\/label>\n\t\t\t<br \/>\n\t\t\t<input id=\"mphb_check_in_date-69e44cff712c9\" type=\"text\" class=\"mphb-datepick\" value=\"\" required=\"required\" autocomplete=\"off\" placeholder=\"Date d&#039;arriv\u00e9e\" inputmode=\"none\" \/>\n\t\t\t<input id=\"mphb_check_in_date-69e44cff712c9-hidden\" type=\"hidden\" name=\"mphb_check_in_date\" value=\"\" \/>\n\t\t<\/p>\n\t\t<p class=\"mphb-check-out-date-wrapper\">\n\t\t\t<label for=\"mphb_check_out_date-69e44cff712c9\">\n\t\t\t\tDate de d\u00e9part\t\t\t\t<abbr title=\"Format\u00e9 comme dd\/mm\/yyyy\">*<\/abbr>\n\t\t\t<\/label>\n\t\t\t<br \/>\n\t\t\t<input id=\"mphb_check_out_date-69e44cff712c9\" type=\"text\" class=\"mphb-datepick\" value=\"\" required=\"required\" autocomplete=\"off\" placeholder=\"Date de d\u00e9part\" inputmode=\"none\" \/>\n\t\t\t<input id=\"mphb_check_out_date-69e44cff712c9-hidden\" type=\"hidden\" name=\"mphb_check_out_date\" value=\"\" \/>\n\t\t<\/p>\n\t\t\t\t\t\t\t<div class=\"mphb-reserve-room-section mphb-hide\">\n\t\t\t\t<p class=\"mphb-rooms-quantity-wrapper mphb-rooms-quantity-multiple mphb-hide\">R\u00e9serve <select class=\"mphb-rooms-quantity\" id=\"mphb-rooms-quantity-5594\" name=\"mphb_rooms_details[5594]\"><option value=\"1\" selected=\"selected\">1<\/option><\/select> de <span class=\"mphb-available-rooms-count\">1<\/span> de logements disponibles.<\/p>\n\t\t\t\t<p class=\"mphb-rooms-quantity-wrapper mphb-rooms-quantity-single mphb-hide\">\n\t\t\t\t\tVilla Le Pigne est disponible pour les dates s\u00e9lectionn\u00e9es.\t\t\t\t<\/p>\n                                    <p class=\"mphb-period-price mphb-regular-price mphb-hide\">\n                        <strong>Prix \u00e0 partir de:<\/strong>\n                    <\/p>\n                \t\t\t\t<input type=\"hidden\" name=\"mphb_is_direct_booking\" value=\"1\" \/>\n\t\t\t\t<input class=\"button mphb-button mphb-confirm-reservation\" type=\"submit\" value=\"Confirmer la r\u00e9servation\" \/>\n\t\t\t<\/div>\n\t\t\n\t\t<div class=\"mphb-errors-wrapper mphb-hide\"><\/div>\n\t\t<p class=\"mphb-reserve-btn-wrapper\">\n\t\t\t<input class=\"mphb-reserve-btn button\" type=\"submit\" value=\"V\u00e9rifier la disponibilit\u00e9\" \/>\n\t\t<\/p>\n\t<input type=\"hidden\" name=\"trp-form-language\" value=\"fr\"\/><\/form>\n\t<\/div><\/div>\n\t\t\t\t<\/div>\n\t\t\t\t<\/div>\n\t\t\t\t\t<\/div>\n\t\t<\/div>\n\t\t\t\t\t\t\t<\/div>\n\t\t<\/section>\n\t\t\t\t<section class=\"elementor-section elementor-top-section elementor-element elementor-element-f7eee58 elementor-section-boxed elementor-section-gap-beside-yes elementor-section-height-default elementor-section-height-default elementor-section-column-vertical-align-stretch\" data-id=\"f7eee58\" data-element_type=\"section\">\n\t\t\t\t\t\t<div class=\"elementor-container elementor-column-gap-extended\">\n\t\t\t\t\t<div class=\"elementor-column elementor-col-100 elementor-top-column elementor-element elementor-element-13afa90\" data-id=\"13afa90\" data-element_type=\"column\">\n\t\t\t<div class=\"elementor-widget-wrap elementor-element-populated\">\n\t\t\t\t\t\t\t\t<div class=\"elementor-element elementor-element-096038c elementor-widget elementor-widget-text-editor\" data-id=\"096038c\" data-element_type=\"widget\" data-widget_type=\"text-editor.default\">\n\t\t\t\t<div class=\"elementor-widget-container\">\n\t\t\t\t\t\t\t<p>Avec l\u2019exception des mois de juin, juillet et ao\u00fbt, il est possible \u00e9galement de s\u00e9journer pour moins d\u2019une semaine.<\/p><p><strong>FACILIT\u00c9S ET PROMOTIONS POUR DE LONGUES P\u00c9RIODES<\/strong><\/p>\t\t\t\t\t\t<\/div>\n\t\t\t\t<\/div>\n\t\t\t\t\t<\/div>\n\t\t<\/div>\n\t\t\t\t\t\t\t<\/div>\n\t\t<\/section>\n\t\t\t\t<section class=\"elementor-section elementor-top-section elementor-element elementor-element-99ca0e8 elementor-section-stretched elementor-section-boxed elementor-section-height-default elementor-section-height-default elementor-section-column-vertical-align-stretch\" data-id=\"99ca0e8\" data-element_type=\"section\" data-settings=\"{&quot;stretch_section&quot;:&quot;section-stretched&quot;,&quot;background_background&quot;:&quot;classic&quot;}\">\n\t\t\t\t\t\t\t<div class=\"elementor-background-overlay\"><\/div>\n\t\t\t\t\t\t\t<div class=\"elementor-container elementor-column-gap-no\">\n\t\t\t\t\t<div class=\"elementor-column elementor-col-100 elementor-top-column elementor-element elementor-element-d68fd77\" data-id=\"d68fd77\" data-element_type=\"column\">\n\t\t\t<div class=\"elementor-widget-wrap elementor-element-populated\">\n\t\t\t\t\t\t\t\t<section class=\"elementor-section elementor-inner-section elementor-element elementor-element-88bc39d elementor-section-boxed elementor-section-gap-beside-yes elementor-section-height-default elementor-section-height-default elementor-section-column-vertical-align-stretch\" data-id=\"88bc39d\" data-element_type=\"section\">\n\t\t\t\t\t\t<div class=\"elementor-container elementor-column-gap-extended\">\n\t\t\t\t\t<div class=\"elementor-column elementor-col-100 elementor-inner-column elementor-element elementor-element-b798608\" data-id=\"b798608\" data-element_type=\"column\">\n\t\t\t<div class=\"elementor-widget-wrap elementor-element-populated\">\n\t\t\t\t\t\t\t\t<div class=\"elementor-element elementor-element-882e447 elementor-widget elementor-widget-text-editor\" data-id=\"882e447\" data-element_type=\"widget\" data-widget_type=\"text-editor.default\">\n\t\t\t\t<div class=\"elementor-widget-container\">\n\t\t\t\t\t\t\t<h3><span style=\"color: #ffffff;\">SERVICES OFFERTS<\/span><\/h3><p>Toute la villa est destin\u00e9e \u00e0 l\u2019usage exclusif des voyageurs. La structure est compl\u00e8tement cl\u00f4tur\u00e9e et elle offre un confortable parking (jusqu\u2019\u00e0 deux voitures). Une vaste pin\u00e8de fait partie de la propri\u00e9t\u00e9 et elle est aussi destin\u00e9e \u00e0 l\u2019usage des h\u00f4tes. La Villa se trouve \u00e0 quelques minutes en voiture des plus belles plages de l'\u00eele.<\/p>\t\t\t\t\t\t<\/div>\n\t\t\t\t<\/div>\n\t\t\t\t\t<\/div>\n\t\t<\/div>\n\t\t\t\t\t\t\t<\/div>\n\t\t<\/section>\n\t\t\t\t<section class=\"elementor-section elementor-inner-section elementor-element elementor-element-c697709 elementor-section-boxed elementor-section-gap-beside-yes elementor-section-height-default elementor-section-height-default elementor-section-column-vertical-align-stretch\" data-id=\"c697709\" data-element_type=\"section\">\n\t\t\t\t\t\t<div class=\"elementor-container elementor-column-gap-extended\">\n\t\t\t\t\t<div class=\"elementor-column elementor-col-25 elementor-inner-column elementor-element elementor-element-33c2da1\" data-id=\"33c2da1\" data-element_type=\"column\">\n\t\t\t<div class=\"elementor-widget-wrap elementor-element-populated\">\n\t\t\t\t\t\t\t\t<div class=\"elementor-element elementor-element-44f72d9 elementor-widget elementor-widget-text-editor\" data-id=\"44f72d9\" data-element_type=\"widget\" data-widget_type=\"text-editor.default\">\n\t\t\t\t<div class=\"elementor-widget-container\">\n\t\t\t\t\t\t\t<ul><li>Climatisation<\/li><li>T\u00e9l\u00e9vision par satellite avec abonnement \u00e0 Sky\u00a0<\/li><li>Wi-Fi<\/li><li>Assistant vocal Alexa<\/li><li>Cuisine \u00e9quip\u00e9e\u00a0<\/li><li>Lave-vaisselle<\/li><\/ul>\t\t\t\t\t\t<\/div>\n\t\t\t\t<\/div>\n\t\t\t\t\t<\/div>\n\t\t<\/div>\n\t\t\t\t<div class=\"elementor-column elementor-col-25 elementor-inner-column elementor-element elementor-element-4b4c0b1\" data-id=\"4b4c0b1\" data-element_type=\"column\">\n\t\t\t<div class=\"elementor-widget-wrap elementor-element-populated\">\n\t\t\t\t\t\t\t\t<div class=\"elementor-element elementor-element-a11d7a5 elementor-widget elementor-widget-text-editor\" data-id=\"a11d7a5\" data-element_type=\"widget\" data-widget_type=\"text-editor.default\">\n\t\t\t\t<div class=\"elementor-widget-container\">\n\t\t\t\t\t\t\t<ul><li>Machine \u00e0 caf\u00e9 avec dosettes<\/li><li>Four \u00e9lectrique<\/li><li>Four \u00e0 micro-ondes<\/li><li>Set de courtoisie<\/li><li>S\u00e8che-cheveux<\/li><li>Fer \u00e0 repasser<\/li><\/ul>\t\t\t\t\t\t<\/div>\n\t\t\t\t<\/div>\n\t\t\t\t\t<\/div>\n\t\t<\/div>\n\t\t\t\t<div class=\"elementor-column elementor-col-25 elementor-inner-column elementor-element elementor-element-70a2532\" data-id=\"70a2532\" data-element_type=\"column\">\n\t\t\t<div class=\"elementor-widget-wrap elementor-element-populated\">\n\t\t\t\t\t\t\t\t<div class=\"elementor-element elementor-element-9e023d9 elementor-widget elementor-widget-text-editor\" data-id=\"9e023d9\" data-element_type=\"widget\" data-widget_type=\"text-editor.default\">\n\t\t\t\t<div class=\"elementor-widget-container\">\n\t\t\t\t\t\t\t<ul><li>Machine \u00e0 laver<\/li><li>Barbecue ext\u00e9rieur<\/li><li>La piscine\u00a0<\/li><li>Transats<\/li><li>Grande pin\u00e8de<\/li><li>Propri\u00e9t\u00e9 cl\u00f4tur\u00e9e<\/li><\/ul>\t\t\t\t\t\t<\/div>\n\t\t\t\t<\/div>\n\t\t\t\t\t<\/div>\n\t\t<\/div>\n\t\t\t\t<div class=\"elementor-column elementor-col-25 elementor-inner-column elementor-element elementor-element-adf8b8f\" data-id=\"adf8b8f\" data-element_type=\"column\">\n\t\t\t<div class=\"elementor-widget-wrap elementor-element-populated\">\n\t\t\t\t\t\t\t\t<div class=\"elementor-element elementor-element-5d89a06 elementor-widget elementor-widget-text-editor\" data-id=\"5d89a06\" data-element_type=\"widget\" data-widget_type=\"text-editor.default\">\n\t\t\t\t<div class=\"elementor-widget-container\">\n\t\t\t\t\t\t\t<ul><li>Parking<\/li><li>Vue sur la mer\u00a0<\/li><li>Terrasse<\/li><li>Patio<\/li><li>Porche \u00e9quip\u00e9 d'une table et de chaises pour 6\/8 personnes<\/li><\/ul>\t\t\t\t\t\t<\/div>\n\t\t\t\t<\/div>\n\t\t\t\t\t<\/div>\n\t\t<\/div>\n\t\t\t\t\t\t\t<\/div>\n\t\t<\/section>\n\t\t\t\t<section class=\"elementor-section elementor-inner-section elementor-element elementor-element-67d593e elementor-section-boxed elementor-section-gap-beside-yes elementor-section-height-default elementor-section-height-default elementor-section-column-vertical-align-stretch\" data-id=\"67d593e\" data-element_type=\"section\">\n\t\t\t\t\t\t<div class=\"elementor-container elementor-column-gap-extended\">\n\t\t\t\t\t<div class=\"elementor-column elementor-col-100 elementor-inner-column elementor-element elementor-element-b80e3c3\" data-id=\"b80e3c3\" data-element_type=\"column\">\n\t\t\t<div class=\"elementor-widget-wrap elementor-element-populated\">\n\t\t\t\t\t\t\t\t<div class=\"elementor-element elementor-element-eba6fc6 elementor-widget elementor-widget-text-editor\" data-id=\"eba6fc6\" data-element_type=\"widget\" data-widget_type=\"text-editor.default\">\n\t\t\t\t<div class=\"elementor-widget-container\">\n\t\t\t\t\t\t\t<h3><span style=\"color: #ffffff;\">SERVICES EN PLUS<\/span><\/h3><p>Sur demande, et contre paiement d'un suppl\u00e9ment, nous pouvons vous offrir les services suivants :<\/p><p class=\" translation-block\">\u2022 service de nettoyage quotidien<br>\u2022 service de transfert de\/\u00e0 l'a\u00e9roport Palerme\/Trapani (le service comprend le transfert de l'a\u00e9roport au port de Trapani, l'embarquement sur un hydropt\u00e8re de ligne et le transfert du port de Favignana \u00e0 la Villa et\/ou vice versa)<br>\u2022 service de location de bateaux et de pneumatiques (avec ou sans permis nautique)<br>\u2022 organisation d'excursions \u00e0 Levanzo et\/ou Marettimo<br>\u2022 organisation de tours gastronomiques en bateau<\/p>\t\t\t\t\t\t<\/div>\n\t\t\t\t<\/div>\n\t\t\t\t\t<\/div>\n\t\t<\/div>\n\t\t\t\t\t\t\t<\/div>\n\t\t<\/section>\n\t\t\t\t\t<\/div>\n\t\t<\/div>\n\t\t\t\t\t\t\t<\/div>\n\t\t<\/section>\n\t\t\t\t\t\t\t<\/div>","protected":false},"excerpt":{"rendered":"<p>Ideale per piccoli gruppi che pur volendo godere del fantastico mare delle Egadi, non vogliono rinunziare alla comodit\u00e0 della piscina in villa. Le prenotazioni vanno inviate per settimana preferibilmente facendo coincidere le partenze e gli arrivi di sabato.&nbsp; Le sistemazioni sono : 4 adulti in due camere matrimoniali 2 posti letto preferibilmente ragazzi\/bambini in letto [&hellip;]<\/p>","protected":false},"author":7,"featured_media":6358,"parent":0,"menu_order":0,"comment_status":"closed","ping_status":"closed","template":"","meta":{"footnotes":""},"class_list":["post-5617","page","type-page","status-publish","has-post-thumbnail","hentry"],"yoast_head":"<!-- This site is optimized with the Yoast SEO plugin v23.9 - https:\/\/yoast.com\/wordpress\/plugins\/seo\/ -->\n<title>Booking - Villa Le Pigne<\/title>\n<meta name=\"robots\" content=\"index, follow, max-snippet:-1, max-image-preview:large, max-video-preview:-1\" \/>\n<link rel=\"canonical\" href=\"https:\/\/luxuryvillafavignana.com\/fr\/booking\/\" \/>\n<meta property=\"og:locale\" content=\"fr_FR\" \/>\n<meta property=\"og:type\" content=\"article\" \/>\n<meta property=\"og:title\" content=\"Booking - Villa Le Pigne\" \/>\n<meta property=\"og:description\" content=\"Ideale per piccoli gruppi che pur volendo godere del fantastico mare delle Egadi, non vogliono rinunziare alla comodit\u00e0 della piscina in villa. Le prenotazioni vanno inviate per settimana preferibilmente facendo coincidere le partenze e gli arrivi di sabato.&nbsp; Le sistemazioni sono : 4 adulti in due camere matrimoniali 2 posti letto preferibilmente ragazzi\/bambini in letto [&hellip;]\" \/>\n<meta property=\"og:url\" content=\"https:\/\/luxuryvillafavignana.com\/fr\/booking\/\" \/>\n<meta property=\"og:site_name\" content=\"Villa Le Pigne\" \/>\n<meta property=\"article:publisher\" content=\"https:\/\/www.facebook.com\/villalepigne\" \/>\n<meta property=\"article:modified_time\" content=\"2023-06-08T15:32:52+00:00\" \/>\n<meta property=\"og:image\" content=\"https:\/\/luxuryvillafavignana.com\/wp-content\/uploads\/2023\/06\/K7A1509ingresso4-scaled.jpg\" \/>\n\t<meta property=\"og:image:width\" content=\"1707\" \/>\n\t<meta property=\"og:image:height\" content=\"2560\" \/>\n\t<meta property=\"og:image:type\" content=\"image\/jpeg\" \/>\n<meta name=\"twitter:card\" content=\"summary_large_image\" \/>\n<meta name=\"twitter:label1\" content=\"Dur\u00e9e de lecture estim\u00e9e\" \/>\n\t<meta name=\"twitter:data1\" content=\"2 minutes\" \/>\n<script type=\"application\/ld+json\" class=\"yoast-schema-graph\">{\"@context\":\"https:\/\/schema.org\",\"@graph\":[{\"@type\":\"WebPage\",\"@id\":\"https:\/\/luxuryvillafavignana.com\/booking\/\",\"url\":\"https:\/\/luxuryvillafavignana.com\/booking\/\",\"name\":\"Booking - Villa Le Pigne\",\"isPartOf\":{\"@id\":\"https:\/\/luxuryvillafavignana.com\/#website\"},\"primaryImageOfPage\":{\"@id\":\"https:\/\/luxuryvillafavignana.com\/booking\/#primaryimage\"},\"image\":{\"@id\":\"https:\/\/luxuryvillafavignana.com\/booking\/#primaryimage\"},\"thumbnailUrl\":\"https:\/\/luxuryvillafavignana.com\/wp-content\/uploads\/2023\/06\/K7A1509ingresso4-scaled.jpg\",\"datePublished\":\"2023-05-03T07:23:51+00:00\",\"dateModified\":\"2023-06-08T15:32:52+00:00\",\"breadcrumb\":{\"@id\":\"https:\/\/luxuryvillafavignana.com\/booking\/#breadcrumb\"},\"inLanguage\":\"fr-FR\",\"potentialAction\":[{\"@type\":\"ReadAction\",\"target\":[\"https:\/\/luxuryvillafavignana.com\/booking\/\"]}]},{\"@type\":\"ImageObject\",\"inLanguage\":\"fr-FR\",\"@id\":\"https:\/\/luxuryvillafavignana.com\/booking\/#primaryimage\",\"url\":\"https:\/\/luxuryvillafavignana.com\/wp-content\/uploads\/2023\/06\/K7A1509ingresso4-scaled.jpg\",\"contentUrl\":\"https:\/\/luxuryvillafavignana.com\/wp-content\/uploads\/2023\/06\/K7A1509ingresso4-scaled.jpg\",\"width\":1707,\"height\":2560},{\"@type\":\"BreadcrumbList\",\"@id\":\"https:\/\/luxuryvillafavignana.com\/booking\/#breadcrumb\",\"itemListElement\":[{\"@type\":\"ListItem\",\"position\":1,\"name\":\"Home\",\"item\":\"https:\/\/luxuryvillafavignana.com\/\"},{\"@type\":\"ListItem\",\"position\":2,\"name\":\"Booking\"}]},{\"@type\":\"WebSite\",\"@id\":\"https:\/\/luxuryvillafavignana.com\/#website\",\"url\":\"https:\/\/luxuryvillafavignana.com\/\",\"name\":\"Luxury Villa Favignana\",\"description\":\"Hotel Booking WordPress Theme\",\"publisher\":{\"@id\":\"https:\/\/luxuryvillafavignana.com\/#organization\"},\"potentialAction\":[{\"@type\":\"SearchAction\",\"target\":{\"@type\":\"EntryPoint\",\"urlTemplate\":\"https:\/\/luxuryvillafavignana.com\/?s={search_term_string}\"},\"query-input\":{\"@type\":\"PropertyValueSpecification\",\"valueRequired\":true,\"valueName\":\"search_term_string\"}}],\"inLanguage\":\"fr-FR\"},{\"@type\":\"Organization\",\"@id\":\"https:\/\/luxuryvillafavignana.com\/#organization\",\"name\":\"Luxury Villa Favignana\",\"url\":\"https:\/\/luxuryvillafavignana.com\/\",\"logo\":{\"@type\":\"ImageObject\",\"inLanguage\":\"fr-FR\",\"@id\":\"https:\/\/luxuryvillafavignana.com\/#\/schema\/logo\/image\/\",\"url\":\"https:\/\/luxuryvillafavignana.com\/wp-content\/uploads\/2023\/05\/logo-villa-pigne-blu.png\",\"contentUrl\":\"https:\/\/luxuryvillafavignana.com\/wp-content\/uploads\/2023\/05\/logo-villa-pigne-blu.png\",\"width\":2144,\"height\":753,\"caption\":\"Luxury Villa Favignana\"},\"image\":{\"@id\":\"https:\/\/luxuryvillafavignana.com\/#\/schema\/logo\/image\/\"},\"sameAs\":[\"https:\/\/www.facebook.com\/villalepigne\"]}]}<\/script>\n<!-- \/ Yoast SEO plugin. -->","yoast_head_json":{"title":"Booking - Villa Le Pigne","robots":{"index":"index","follow":"follow","max-snippet":"max-snippet:-1","max-image-preview":"max-image-preview:large","max-video-preview":"max-video-preview:-1"},"canonical":"https:\/\/luxuryvillafavignana.com\/fr\/booking\/","og_locale":"fr_FR","og_type":"article","og_title":"Booking - Villa Le Pigne","og_description":"Ideale per piccoli gruppi che pur volendo godere del fantastico mare delle Egadi, non vogliono rinunziare alla comodit\u00e0 della piscina in villa. Le prenotazioni vanno inviate per settimana preferibilmente facendo coincidere le partenze e gli arrivi di sabato.&nbsp; Le sistemazioni sono : 4 adulti in due camere matrimoniali 2 posti letto preferibilmente ragazzi\/bambini in letto [&hellip;]","og_url":"https:\/\/luxuryvillafavignana.com\/fr\/booking\/","og_site_name":"Villa Le Pigne","article_publisher":"https:\/\/www.facebook.com\/villalepigne","article_modified_time":"2023-06-08T15:32:52+00:00","og_image":[{"width":1707,"height":2560,"url":"https:\/\/luxuryvillafavignana.com\/wp-content\/uploads\/2023\/06\/K7A1509ingresso4-scaled.jpg","type":"image\/jpeg"}],"twitter_card":"summary_large_image","twitter_misc":{"Dur\u00e9e de lecture estim\u00e9e":"2 minutes"},"schema":{"@context":"https:\/\/schema.org","@graph":[{"@type":"WebPage","@id":"https:\/\/luxuryvillafavignana.com\/booking\/","url":"https:\/\/luxuryvillafavignana.com\/booking\/","name":"Booking - Villa Le Pigne","isPartOf":{"@id":"https:\/\/luxuryvillafavignana.com\/#website"},"primaryImageOfPage":{"@id":"https:\/\/luxuryvillafavignana.com\/booking\/#primaryimage"},"image":{"@id":"https:\/\/luxuryvillafavignana.com\/booking\/#primaryimage"},"thumbnailUrl":"https:\/\/luxuryvillafavignana.com\/wp-content\/uploads\/2023\/06\/K7A1509ingresso4-scaled.jpg","datePublished":"2023-05-03T07:23:51+00:00","dateModified":"2023-06-08T15:32:52+00:00","breadcrumb":{"@id":"https:\/\/luxuryvillafavignana.com\/booking\/#breadcrumb"},"inLanguage":"fr-FR","potentialAction":[{"@type":"ReadAction","target":["https:\/\/luxuryvillafavignana.com\/booking\/"]}]},{"@type":"ImageObject","inLanguage":"fr-FR","@id":"https:\/\/luxuryvillafavignana.com\/booking\/#primaryimage","url":"https:\/\/luxuryvillafavignana.com\/wp-content\/uploads\/2023\/06\/K7A1509ingresso4-scaled.jpg","contentUrl":"https:\/\/luxuryvillafavignana.com\/wp-content\/uploads\/2023\/06\/K7A1509ingresso4-scaled.jpg","width":1707,"height":2560},{"@type":"BreadcrumbList","@id":"https:\/\/luxuryvillafavignana.com\/booking\/#breadcrumb","itemListElement":[{"@type":"ListItem","position":1,"name":"Home","item":"https:\/\/luxuryvillafavignana.com\/"},{"@type":"ListItem","position":2,"name":"Booking"}]},{"@type":"WebSite","@id":"https:\/\/luxuryvillafavignana.com\/#website","url":"https:\/\/luxuryvillafavignana.com\/","name":"Luxury Villa Favignana","description":"Hotel Booking WordPress Theme","publisher":{"@id":"https:\/\/luxuryvillafavignana.com\/#organization"},"potentialAction":[{"@type":"SearchAction","target":{"@type":"EntryPoint","urlTemplate":"https:\/\/luxuryvillafavignana.com\/?s={search_term_string}"},"query-input":{"@type":"PropertyValueSpecification","valueRequired":true,"valueName":"search_term_string"}}],"inLanguage":"fr-FR"},{"@type":"Organization","@id":"https:\/\/luxuryvillafavignana.com\/#organization","name":"Luxury Villa Favignana","url":"https:\/\/luxuryvillafavignana.com\/","logo":{"@type":"ImageObject","inLanguage":"fr-FR","@id":"https:\/\/luxuryvillafavignana.com\/#\/schema\/logo\/image\/","url":"https:\/\/luxuryvillafavignana.com\/wp-content\/uploads\/2023\/05\/logo-villa-pigne-blu.png","contentUrl":"https:\/\/luxuryvillafavignana.com\/wp-content\/uploads\/2023\/05\/logo-villa-pigne-blu.png","width":2144,"height":753,"caption":"Luxury Villa Favignana"},"image":{"@id":"https:\/\/luxuryvillafavignana.com\/#\/schema\/logo\/image\/"},"sameAs":["https:\/\/www.facebook.com\/villalepigne"]}]}},"_links":{"self":[{"href":"https:\/\/luxuryvillafavignana.com\/fr\/wp-json\/wp\/v2\/pages\/5617"}],"collection":[{"href":"https:\/\/luxuryvillafavignana.com\/fr\/wp-json\/wp\/v2\/pages"}],"about":[{"href":"https:\/\/luxuryvillafavignana.com\/fr\/wp-json\/wp\/v2\/types\/page"}],"author":[{"embeddable":true,"href":"https:\/\/luxuryvillafavignana.com\/fr\/wp-json\/wp\/v2\/users\/7"}],"replies":[{"embeddable":true,"href":"https:\/\/luxuryvillafavignana.com\/fr\/wp-json\/wp\/v2\/comments?post=5617"}],"version-history":[{"count":59,"href":"https:\/\/luxuryvillafavignana.com\/fr\/wp-json\/wp\/v2\/pages\/5617\/revisions"}],"predecessor-version":[{"id":6487,"href":"https:\/\/luxuryvillafavignana.com\/fr\/wp-json\/wp\/v2\/pages\/5617\/revisions\/6487"}],"wp:featuredmedia":[{"embeddable":true,"href":"https:\/\/luxuryvillafavignana.com\/fr\/wp-json\/wp\/v2\/media\/6358"}],"wp:attachment":[{"href":"https:\/\/luxuryvillafavignana.com\/fr\/wp-json\/wp\/v2\/media?parent=5617"}],"curies":[{"name":"wp","href":"https:\/\/api.w.org\/{rel}","templated":true}]}}